{"id":405,"date":"2019-07-05T07:01:40","date_gmt":"2019-07-05T07:01:40","guid":{"rendered":"https:\/\/www.clarendo.se\/en\/?page_id=405"},"modified":"2025-03-26T08:58:33","modified_gmt":"2025-03-26T07:58:33","slug":"iso-standarder","status":"publish","type":"page","link":"https:\/\/www.clarendo.se\/en\/iso-standarder\/","title":{"rendered":"Overview"},"content":{"rendered":"","protected":false},"excerpt":{"rendered":"","protected":false},"author":1,"featured_media":0,"parent":0,"menu_order":0,"comment_status":"closed","ping_status":"closed","template":"","meta":{"_acf_changed":false},"class_list":["post-405","page","type-page","status-publish","hentry"],"acf":[],"yoast_head":"<!-- This site is optimized with the Yoast SEO plugin v27.2 - https:\/\/yoast.com\/product\/yoast-seo-wordpress\/ -->\n<title>ISO-certifiering - Clarendo EN konsulter inom ISO-standareder<\/title>\n<meta name=\"description\" content=\"Med en ISO-certifiering \u00f6kar dina m\u00f6jligheter f\u00f6r att skaffa nya kunder och st\u00e4rka f\u00f6rtroendet f\u00f6r befintliga. Vi garnaterar certifiering f\u00f6r ISO-standarder\" \/>\n<meta name=\"robots\" content=\"index, follow, max-snippet:-1, max-image-preview:large, max-video-preview:-1\" \/>\n<link rel=\"canonical\" href=\"https:\/\/www.clarendo.se\/en\/iso-standarder\/\" \/>\n<meta property=\"og:locale\" content=\"en_US\" \/>\n<meta property=\"og:type\" content=\"article\" \/>\n<meta property=\"og:title\" content=\"ISO-certifiering - Clarendo EN konsulter inom ISO-standareder\" \/>\n<meta property=\"og:description\" content=\"Med en ISO-certifiering \u00f6kar dina m\u00f6jligheter f\u00f6r att skaffa nya kunder och st\u00e4rka f\u00f6rtroendet f\u00f6r befintliga. Vi garnaterar certifiering f\u00f6r ISO-standarder\" \/>\n<meta property=\"og:url\" content=\"https:\/\/www.clarendo.se\/en\/iso-standarder\/\" \/>\n<meta property=\"og:site_name\" content=\"Clarendo EN\" \/>\n<meta property=\"article:publisher\" content=\"https:\/\/www.facebook.com\/Clarendo-AB-208117022689850\/\" \/>\n<meta property=\"article:modified_time\" content=\"2025-03-26T07:58:33+00:00\" \/>\n<meta name=\"twitter:card\" content=\"summary_large_image\" \/>\n<script type=\"application\/ld+json\" class=\"yoast-schema-graph\">{\"@context\":\"https:\/\/schema.org\",\"@graph\":[{\"@type\":\"Article\",\"@id\":\"https:\/\/www.clarendo.se\/en\/iso-standarder\/#article\",\"isPartOf\":{\"@id\":\"https:\/\/www.clarendo.se\/en\/iso-standarder\/\"},\"author\":{\"name\":\"root\",\"@id\":\"https:\/\/www.clarendo.se\/#\/schema\/person\/62a7cab709c2098d5a0f3af04b889eed\"},\"headline\":\"Overview\",\"datePublished\":\"2019-07-05T07:01:40+00:00\",\"dateModified\":\"2025-03-26T07:58:33+00:00\",\"mainEntityOfPage\":{\"@id\":\"https:\/\/www.clarendo.se\/en\/iso-standarder\/\"},\"wordCount\":1,\"publisher\":{\"@id\":\"https:\/\/www.clarendo.se\/#organization\"},\"inLanguage\":\"en-US\"},{\"@type\":\"WebPage\",\"@id\":\"https:\/\/www.clarendo.se\/en\/iso-standarder\/\",\"url\":\"https:\/\/www.clarendo.se\/en\/iso-standarder\/\",\"name\":\"ISO-certifiering - Clarendo EN konsulter inom ISO-standareder\",\"isPartOf\":{\"@id\":\"https:\/\/www.clarendo.se\/#website\"},\"datePublished\":\"2019-07-05T07:01:40+00:00\",\"dateModified\":\"2025-03-26T07:58:33+00:00\",\"description\":\"Med en ISO-certifiering \u00f6kar dina m\u00f6jligheter f\u00f6r att skaffa nya kunder och st\u00e4rka f\u00f6rtroendet f\u00f6r befintliga. Vi garnaterar certifiering f\u00f6r ISO-standarder\",\"breadcrumb\":{\"@id\":\"https:\/\/www.clarendo.se\/en\/iso-standarder\/#breadcrumb\"},\"inLanguage\":\"en-US\",\"potentialAction\":[{\"@type\":\"ReadAction\",\"target\":[\"https:\/\/www.clarendo.se\/en\/iso-standarder\/\"]}]},{\"@type\":\"BreadcrumbList\",\"@id\":\"https:\/\/www.clarendo.se\/en\/iso-standarder\/#breadcrumb\",\"itemListElement\":[{\"@type\":\"ListItem\",\"position\":1,\"name\":\"Home\",\"item\":\"https:\/\/www.clarendo.se\/en\/\"},{\"@type\":\"ListItem\",\"position\":2,\"name\":\"Overview\"}]},{\"@type\":\"WebSite\",\"@id\":\"https:\/\/www.clarendo.se\/#website\",\"url\":\"https:\/\/www.clarendo.se\/\",\"name\":\"Clarendo\",\"description\":\"Ledningssystem som effektivt genererar resultat\",\"publisher\":{\"@id\":\"https:\/\/www.clarendo.se\/#organization\"},\"potentialAction\":[{\"@type\":\"SearchAction\",\"target\":{\"@type\":\"EntryPoint\",\"urlTemplate\":\"https:\/\/www.clarendo.se\/?s={search_term_string}\"},\"query-input\":{\"@type\":\"PropertyValueSpecification\",\"valueRequired\":true,\"valueName\":\"search_term_string\"}}],\"inLanguage\":\"en-US\"},{\"@type\":\"Organization\",\"@id\":\"https:\/\/www.clarendo.se\/#organization\",\"name\":\"Clarendo AB\",\"url\":\"https:\/\/www.clarendo.se\/\",\"logo\":{\"@type\":\"ImageObject\",\"inLanguage\":\"en-US\",\"@id\":\"https:\/\/www.clarendo.se\/#\/schema\/logo\/image\/\",\"url\":\"https:\/\/www.clarendo.se\/en\/wp-content\/uploads\/sites\/9\/2020\/05\/symbol_blue.jpg\",\"contentUrl\":\"https:\/\/www.clarendo.se\/en\/wp-content\/uploads\/sites\/9\/2020\/05\/symbol_blue.jpg\",\"width\":88,\"height\":104,\"caption\":\"Clarendo AB\"},\"image\":{\"@id\":\"https:\/\/www.clarendo.se\/#\/schema\/logo\/image\/\"},\"sameAs\":[\"https:\/\/www.facebook.com\/Clarendo-AB-208117022689850\/\",\"https:\/\/www.linkedin.com\/company\/2399453\/\"]},{\"@type\":\"Person\",\"@id\":\"https:\/\/www.clarendo.se\/#\/schema\/person\/62a7cab709c2098d5a0f3af04b889eed\",\"name\":\"root\",\"image\":{\"@type\":\"ImageObject\",\"inLanguage\":\"en-US\",\"@id\":\"https:\/\/secure.gravatar.com\/avatar\/2aed5d3c3f9d00dfff0f51246f638f1de07c9f2b09837788386ffec0167d5760?s=96&d=mm&r=g\",\"url\":\"https:\/\/secure.gravatar.com\/avatar\/2aed5d3c3f9d00dfff0f51246f638f1de07c9f2b09837788386ffec0167d5760?s=96&d=mm&r=g\",\"contentUrl\":\"https:\/\/secure.gravatar.com\/avatar\/2aed5d3c3f9d00dfff0f51246f638f1de07c9f2b09837788386ffec0167d5760?s=96&d=mm&r=g\",\"caption\":\"root\"},\"url\":\"https:\/\/www.clarendo.se\/en\/author\/root\/\"}]}<\/script>\n<!-- \/ Yoast SEO plugin. -->","yoast_head_json":{"title":"ISO-certifiering - Clarendo EN konsulter inom ISO-standareder","description":"Med en ISO-certifiering \u00f6kar dina m\u00f6jligheter f\u00f6r att skaffa nya kunder och st\u00e4rka f\u00f6rtroendet f\u00f6r befintliga. Vi garnaterar certifiering f\u00f6r ISO-standarder","robots":{"index":"index","follow":"follow","max-snippet":"max-snippet:-1","max-image-preview":"max-image-preview:large","max-video-preview":"max-video-preview:-1"},"canonical":"https:\/\/www.clarendo.se\/en\/iso-standarder\/","og_locale":"en_US","og_type":"article","og_title":"ISO-certifiering - Clarendo EN konsulter inom ISO-standareder","og_description":"Med en ISO-certifiering \u00f6kar dina m\u00f6jligheter f\u00f6r att skaffa nya kunder och st\u00e4rka f\u00f6rtroendet f\u00f6r befintliga. Vi garnaterar certifiering f\u00f6r ISO-standarder","og_url":"https:\/\/www.clarendo.se\/en\/iso-standarder\/","og_site_name":"Clarendo EN","article_publisher":"https:\/\/www.facebook.com\/Clarendo-AB-208117022689850\/","article_modified_time":"2025-03-26T07:58:33+00:00","twitter_card":"summary_large_image","schema":{"@context":"https:\/\/schema.org","@graph":[{"@type":"Article","@id":"https:\/\/www.clarendo.se\/en\/iso-standarder\/#article","isPartOf":{"@id":"https:\/\/www.clarendo.se\/en\/iso-standarder\/"},"author":{"name":"root","@id":"https:\/\/www.clarendo.se\/#\/schema\/person\/62a7cab709c2098d5a0f3af04b889eed"},"headline":"Overview","datePublished":"2019-07-05T07:01:40+00:00","dateModified":"2025-03-26T07:58:33+00:00","mainEntityOfPage":{"@id":"https:\/\/www.clarendo.se\/en\/iso-standarder\/"},"wordCount":1,"publisher":{"@id":"https:\/\/www.clarendo.se\/#organization"},"inLanguage":"en-US"},{"@type":"WebPage","@id":"https:\/\/www.clarendo.se\/en\/iso-standarder\/","url":"https:\/\/www.clarendo.se\/en\/iso-standarder\/","name":"ISO-certifiering - Clarendo EN konsulter inom ISO-standareder","isPartOf":{"@id":"https:\/\/www.clarendo.se\/#website"},"datePublished":"2019-07-05T07:01:40+00:00","dateModified":"2025-03-26T07:58:33+00:00","description":"Med en ISO-certifiering \u00f6kar dina m\u00f6jligheter f\u00f6r att skaffa nya kunder och st\u00e4rka f\u00f6rtroendet f\u00f6r befintliga. Vi garnaterar certifiering f\u00f6r ISO-standarder","breadcrumb":{"@id":"https:\/\/www.clarendo.se\/en\/iso-standarder\/#breadcrumb"},"inLanguage":"en-US","potentialAction":[{"@type":"ReadAction","target":["https:\/\/www.clarendo.se\/en\/iso-standarder\/"]}]},{"@type":"BreadcrumbList","@id":"https:\/\/www.clarendo.se\/en\/iso-standarder\/#breadcrumb","itemListElement":[{"@type":"ListItem","position":1,"name":"Home","item":"https:\/\/www.clarendo.se\/en\/"},{"@type":"ListItem","position":2,"name":"Overview"}]},{"@type":"WebSite","@id":"https:\/\/www.clarendo.se\/#website","url":"https:\/\/www.clarendo.se\/","name":"Clarendo","description":"Ledningssystem som effektivt genererar resultat","publisher":{"@id":"https:\/\/www.clarendo.se\/#organization"},"potentialAction":[{"@type":"SearchAction","target":{"@type":"EntryPoint","urlTemplate":"https:\/\/www.clarendo.se\/?s={search_term_string}"},"query-input":{"@type":"PropertyValueSpecification","valueRequired":true,"valueName":"search_term_string"}}],"inLanguage":"en-US"},{"@type":"Organization","@id":"https:\/\/www.clarendo.se\/#organization","name":"Clarendo AB","url":"https:\/\/www.clarendo.se\/","logo":{"@type":"ImageObject","inLanguage":"en-US","@id":"https:\/\/www.clarendo.se\/#\/schema\/logo\/image\/","url":"https:\/\/www.clarendo.se\/en\/wp-content\/uploads\/sites\/9\/2020\/05\/symbol_blue.jpg","contentUrl":"https:\/\/www.clarendo.se\/en\/wp-content\/uploads\/sites\/9\/2020\/05\/symbol_blue.jpg","width":88,"height":104,"caption":"Clarendo AB"},"image":{"@id":"https:\/\/www.clarendo.se\/#\/schema\/logo\/image\/"},"sameAs":["https:\/\/www.facebook.com\/Clarendo-AB-208117022689850\/","https:\/\/www.linkedin.com\/company\/2399453\/"]},{"@type":"Person","@id":"https:\/\/www.clarendo.se\/#\/schema\/person\/62a7cab709c2098d5a0f3af04b889eed","name":"root","image":{"@type":"ImageObject","inLanguage":"en-US","@id":"https:\/\/secure.gravatar.com\/avatar\/2aed5d3c3f9d00dfff0f51246f638f1de07c9f2b09837788386ffec0167d5760?s=96&d=mm&r=g","url":"https:\/\/secure.gravatar.com\/avatar\/2aed5d3c3f9d00dfff0f51246f638f1de07c9f2b09837788386ffec0167d5760?s=96&d=mm&r=g","contentUrl":"https:\/\/secure.gravatar.com\/avatar\/2aed5d3c3f9d00dfff0f51246f638f1de07c9f2b09837788386ffec0167d5760?s=96&d=mm&r=g","caption":"root"},"url":"https:\/\/www.clarendo.se\/en\/author\/root\/"}]}},"_links":{"self":[{"href":"https:\/\/www.clarendo.se\/en\/wp-json\/wp\/v2\/pages\/405","targetHints":{"allow":["GET"]}}],"collection":[{"href":"https:\/\/www.clarendo.se\/en\/wp-json\/wp\/v2\/pages"}],"about":[{"href":"https:\/\/www.clarendo.se\/en\/wp-json\/wp\/v2\/types\/page"}],"author":[{"embeddable":true,"href":"https:\/\/www.clarendo.se\/en\/wp-json\/wp\/v2\/users\/1"}],"replies":[{"embeddable":true,"href":"https:\/\/www.clarendo.se\/en\/wp-json\/wp\/v2\/comments?post=405"}],"version-history":[{"count":39,"href":"https:\/\/www.clarendo.se\/en\/wp-json\/wp\/v2\/pages\/405\/revisions"}],"predecessor-version":[{"id":6227,"href":"https:\/\/www.clarendo.se\/en\/wp-json\/wp\/v2\/pages\/405\/revisions\/6227"}],"wp:attachment":[{"href":"https:\/\/www.clarendo.se\/en\/wp-json\/wp\/v2\/media?parent=405"}],"curies":[{"name":"wp","href":"https:\/\/api.w.org\/{rel}","templated":true}]}}